{"id":2450,"date":"2020-02-27T10:51:44","date_gmt":"2020-02-27T10:51:44","guid":{"rendered":"https:\/\/viamer.ee\/%d0%ba%d0%be%d0%bd%d1%82%d0%b0%d0%ba%d1%82%d1%8b\/"},"modified":"2024-01-23T14:01:53","modified_gmt":"2024-01-23T14:01:53","slug":"kontakty","status":"publish","type":"page","link":"https:\/\/viamer.ee\/ru\/kontakty\/","title":{"rendered":"\u041a\u043e\u043d\u0442\u0430\u043a\u0442\u044b"},"content":{"rendered":"\t\t<div data-elementor-type=\"wp-page\" data-elementor-id=\"2450\" class=\"elementor elementor-2450 elementor-212\" data-elementor-post-type=\"page\">\n\t\t\t\t<div class=\"elementor-element elementor-element-79259b7 e-con-full e-flex e-con e-parent\" data-id=\"79259b7\" data-element_type=\"container\" id=\"page-hero\" data-core-v316-plus=\"true\">\n\t\t<div class=\"elementor-element elementor-element-e0a6dc0 e-flex e-con-boxed e-con e-child\" data-id=\"e0a6dc0\" data-element_type=\"container\" data-settings=\"{&quot;background_background&quot;:&quot;classic&quot;}\">\n\t\t\t\t\t<div class=\"e-con-inner\">\n\t\t\t\t\t<\/div>\n\t\t\t\t<\/div>\n\t\t\t\t<\/div>\n\t\t<div class=\"elementor-element elementor-element-6773efe e-flex e-con-boxed e-con e-parent\" data-id=\"6773efe\" data-element_type=\"container\" data-core-v316-plus=\"true\">\n\t\t\t\t\t<div class=\"e-con-inner\">\n\t\t<div class=\"elementor-element elementor-element-5d7bf90 e-con-full e-flex e-con e-child\" data-id=\"5d7bf90\" data-element_type=\"container\">\n\t\t\t\t<div class=\"elementor-element elementor-element-a2fecc3 elementor-widget elementor-widget-heading\" data-id=\"a2fecc3\" data-element_type=\"widget\" data-widget_type=\"heading.default\">\n\t\t\t\t<div class=\"elementor-widget-container\">\n\t\t\t<style>\/*! elementor - v3.20.0 - 13-03-2024 *\/\n.elementor-heading-title{padding:0;margin:0;line-height:1}.elementor-widget-heading .elementor-heading-title[class*=elementor-size-]>a{color:inherit;font-size:inherit;line-height:inherit}.elementor-widget-heading .elementor-heading-title.elementor-size-small{font-size:15px}.elementor-widget-heading .elementor-heading-title.elementor-size-medium{font-size:19px}.elementor-widget-heading .elementor-heading-title.elementor-size-large{font-size:29px}.elementor-widget-heading .elementor-heading-title.elementor-size-xl{font-size:39px}.elementor-widget-heading .elementor-heading-title.elementor-size-xxl{font-size:59px}<\/style><h2 class=\"elementor-heading-title elementor-size-default\">O\u0431\u0449\u0430\u044f \u0438\u043d\u0444\u043e\u0440\u043c\u0430\u0446\u0438\u044f \u043e \u043a\u043e\u043c\u043f\u0430\u043d\u0438\u0438: <\/h2>\t\t<\/div>\n\t\t\t\t<\/div>\n\t\t\t\t<div class=\"elementor-element elementor-element-b32c040 elementor-widget elementor-widget-text-editor\" data-id=\"b32c040\" data-element_type=\"widget\" data-widget_type=\"text-editor.default\">\n\t\t\t\t<div class=\"elementor-widget-container\">\n\t\t\t<style>\/*! elementor - v3.20.0 - 13-03-2024 *\/\n.elementor-widget-text-editor.elementor-drop-cap-view-stacked .elementor-drop-cap{background-color:#69727d;color:#fff}.elementor-widget-text-editor.elementor-drop-cap-view-framed .elementor-drop-cap{color:#69727d;border:3px solid;background-color:transparent}.elementor-widget-text-editor:not(.elementor-drop-cap-view-default) .elementor-drop-cap{margin-top:8px}.elementor-widget-text-editor:not(.elementor-drop-cap-view-default) .elementor-drop-cap-letter{width:1em;height:1em}.elementor-widget-text-editor .elementor-drop-cap{float:left;text-align:center;line-height:1;font-size:50px}.elementor-widget-text-editor .elementor-drop-cap-letter{display:inline-block}<\/style>\t\t\t\t<p><strong>\u041d\u0430\u0437\u0432\u0430\u043d\u0438\u0435 \u043f\u0440\u0435\u0434\u043f\u0440\u0438\u044f\u0442\u0438\u044f:<\/strong> Viamer Grupp O\u00dc<br \/><strong>\u0420\u0435\u0433\u0438\u0441\u0442\u0440\u0430\u0446\u0438\u043e\u043d\u043d\u044b\u0439 \u043d\u043e\u043c\u0435\u0440:<\/strong> 10728197<br \/><strong>\u041d\u043e\u043c\u0435\u0440 KMKR:<\/strong> EE100677359<br \/><strong>\u041c\u0435\u0441\u0442\u043e\u043d\u0430\u0445\u043e\u0436\u0434\u0435\u043d\u0438\u0435:<\/strong> Saha-Loo tee 14, Iru k\u00fcla, J\u00f5el\u00e4htme vald, 74206 Harju maakond<br \/><strong>\u041e\u0431\u0449\u0438\u0439 \u0430\u0434\u0440\u0435\u0441 \u044d\u043b. \u043f\u043e\u0447\u0442\u044b:<\/strong> <a href=\"mailto:viamer@viamer.ee\">viamer@viamer.ee<\/a><br \/><strong>\u0421\u0447\u0435\u0442\u0430:<\/strong> <a href=\"mailto:arved@viamer.ee\">arved@viamer.ee<\/a><br \/><strong>\u0422\u0435\u043b\u0435\u0444\u043e\u043d:<\/strong> <a href=\"tel:+3726605590\">(+372) 660 5590<\/a><\/p>\t\t\t\t\t\t<\/div>\n\t\t\t\t<\/div>\n\t\t\t\t<\/div>\n\t\t<div class=\"elementor-element elementor-element-4b125ee e-con-full e-flex e-con e-child\" data-id=\"4b125ee\" data-element_type=\"container\" id=\"contact-form--dark\" data-settings=\"{&quot;background_background&quot;:&quot;classic&quot;}\">\n\t\t\t\t<div class=\"elementor-element elementor-element-c4b4ea5 elementor-widget elementor-widget-qi_addons_for_elementor_contact_form_7\" data-id=\"c4b4ea5\" data-element_type=\"widget\" data-widget_type=\"qi_addons_for_elementor_contact_form_7.default\">\n\t\t\t\t<div class=\"elementor-widget-container\">\n\t\t\t<div class=\"qodef-shortcode qodef-m qodef-qi-contact-form-7\">\n\t\n<div class=\"wpcf7 no-js\" id=\"wpcf7-f2804-o1\" lang=\"et\" dir=\"ltr\" data-wpcf7-id=\"2804\">\n<div class=\"screen-reader-response\"><p role=\"status\" aria-live=\"polite\" aria-atomic=\"true\"><\/p> <ul><\/ul><\/div>\n<form action=\"\/ru\/wp-json\/wp\/v2\/pages\/2450#wpcf7-f2804-o1\" method=\"post\" class=\"wpcf7-form init\" aria-label=\"Contact form\" enctype=\"multipart\/form-data\" novalidate=\"novalidate\" data-status=\"init\">\n<div style=\"display: none;\">\n<input type=\"hidden\" name=\"_wpcf7\" value=\"2804\" \/>\n<input type=\"hidden\" name=\"_wpcf7_version\" value=\"6.0.5\" \/>\n<input type=\"hidden\" name=\"_wpcf7_locale\" value=\"et\" \/>\n<input type=\"hidden\" name=\"_wpcf7_unit_tag\" value=\"wpcf7-f2804-o1\" \/>\n<input type=\"hidden\" name=\"_wpcf7_container_post\" value=\"0\" \/>\n<input type=\"hidden\" name=\"_wpcf7_posted_data_hash\" value=\"\" \/>\n<\/div>\n<div class=\"two_columns_50_50\" style=\"overflow: hidden\">\n<div class=\"column1\">\n<div class=\"column_inner\">\n<label>\n    <span class=\"wpcf7-form-control-wrap\" data-name=\"sender-name\"><input size=\"40\" maxlength=\"400\" class=\"wpcf7-form-control wpcf7-text wpcf7-validates-as-required\" aria-required=\"true\" aria-invalid=\"false\" placeholder=\"\u0418\u043c\u044f \u0438 \u0444\u0430\u043c\u0438\u043b\u0438\u044f\" value=\"\" type=\"text\" name=\"sender-name\" \/><\/span> <\/label>\n<\/div>\n<\/div>\n<div class=\"column2\">\n<div class=\"column_inner\">\n<label>\n    <span class=\"wpcf7-form-control-wrap\" data-name=\"sender-phone\"><input size=\"40\" maxlength=\"400\" class=\"wpcf7-form-control wpcf7-text wpcf7-validates-as-required\" aria-required=\"true\" aria-invalid=\"false\" placeholder=\"\u041d\u043e\u043c\u0435\u0440 \u0442\u0435\u043b\u0435\u0444\u043e\u043d\u0430\" value=\"\" type=\"text\" name=\"sender-phone\" \/><\/span> <\/label>\n<\/div>\n<\/div>\n<\/div>\n<label>\n    <span class=\"wpcf7-form-control-wrap\" data-name=\"sender-email\"><input size=\"40\" maxlength=\"400\" class=\"wpcf7-form-control wpcf7-email wpcf7-validates-as-required wpcf7-text wpcf7-validates-as-email\" aria-required=\"true\" aria-invalid=\"false\" placeholder=\"\u0410\u0434\u0440\u0435\u0441 \u044d\u043b\u0435\u043a\u0442\u0440\u043e\u043d\u043d\u043e\u0439 \u043f\u043e\u0447\u0442\u044b\" value=\"\" type=\"email\" name=\"sender-email\" \/><\/span> <\/label>\n\n<label>\n    <span class=\"wpcf7-form-control-wrap\" data-name=\"sender-message\"><textarea cols=\"40\" rows=\"10\" maxlength=\"2000\" class=\"wpcf7-form-control wpcf7-textarea\" aria-invalid=\"false\" placeholder=\"\u0421\u043e\u0434\u0435\u0440\u0436\u0430\u043d\u0438\u0435 \u0441\u043e\u043e\u0431\u0449\u0435\u043d\u0438\u044f\" name=\"sender-message\"><\/textarea><\/span> <\/label>\n<label>\u0414\u043e\u0431\u0430\u0432\u044c\u0442\u0435 .pdf \u0438\u043b\u0438 .doc \u0444\u0430\u0439\u043b \u043f\u0440\u0438 \u043d\u0435\u043e\u0431\u0445\u043e\u0434\u0438\u043c\u043e\u0441\u0442\u0438 <span class=\"wpcf7-form-control-wrap\" data-name=\"file-782\"><input size=\"40\" class=\"wpcf7-form-control wpcf7-file\" accept=\".pdf,.doc,.docx\" aria-invalid=\"false\" type=\"file\" name=\"file-782\" \/><\/span><\/label>\n<input class=\"wpcf7-form-control wpcf7-submit has-spinner\" type=\"submit\" value=\"\u041e\u0442\u043f\u0440\u0430\u0432\u0438\u0442\u044c\" \/><div class=\"wpcf7-response-output\" aria-hidden=\"true\"><\/div>\n<\/form>\n<\/div>\n<\/div>\n\t\t<\/div>\n\t\t\t\t<\/div>\n\t\t\t\t<\/div>\n\t\t\t\t\t<\/div>\n\t\t\t\t<\/div>\n\t\t<div class=\"elementor-element elementor-element-b72e35f e-con-full e-flex e-con e-parent\" data-id=\"b72e35f\" data-element_type=\"container\" data-core-v316-plus=\"true\">\n\t\t<div class=\"elementor-element elementor-element-fd18fe0 e-flex e-con-boxed e-con e-child\" data-id=\"fd18fe0\" data-element_type=\"container\">\n\t\t\t\t\t<div class=\"e-con-inner\">\n\t\t\t\t<div class=\"elementor-element elementor-element-26a19a7 elementor-widget elementor-widget-heading\" data-id=\"26a19a7\" data-element_type=\"widget\" data-widget_type=\"heading.default\">\n\t\t\t\t<div class=\"elementor-widget-container\">\n\t\t\t<h2 class=\"elementor-heading-title elementor-size-default\">\u0420\u0430\u0441\u043f\u043e\u043b\u043e\u0436\u0435\u043d\u0438\u0435 \u043d\u0430 \u043a\u0430\u0440\u0442\u0435<\/h2>\t\t<\/div>\n\t\t\t\t<\/div>\n\t\t\t\t\t<\/div>\n\t\t\t\t<\/div>\n\t\t\t\t<div class=\"elementor-element elementor-element-3d5a529 elementor-widget elementor-widget-google_maps\" data-id=\"3d5a529\" data-element_type=\"widget\" data-widget_type=\"google_maps.default\">\n\t\t\t\t<div class=\"elementor-widget-container\">\n\t\t\t<style>\/*! elementor - v3.20.0 - 13-03-2024 *\/\n.elementor-widget-google_maps .elementor-widget-container{overflow:hidden}.elementor-widget-google_maps .elementor-custom-embed{line-height:0}.elementor-widget-google_maps iframe{height:300px}<\/style>\t\t<div class=\"elementor-custom-embed\">\n\t\t\t<iframe loading=\"lazy\"\n\t\t\t\t\tsrc=\"https:\/\/maps.google.com\/maps?q=Saha-Loo%20tee%2014&#038;t=m&#038;z=12&#038;output=embed&#038;iwloc=near\"\n\t\t\t\t\ttitle=\"Saha-Loo tee 14\"\n\t\t\t\t\taria-label=\"Saha-Loo tee 14\"\n\t\t\t><\/iframe>\n\t\t<\/div>\n\t\t\t\t<\/div>\n\t\t\t\t<\/div>\n\t\t\t\t<\/div>\n\t\t\t\t<\/div>\n\t\t","protected":false},"excerpt":{"rendered":"<p>O\u0431\u0449\u0430\u044f \u0438\u043d\u0444\u043e\u0440\u043c\u0430\u0446\u0438\u044f \u043e \u043a\u043e\u043c\u043f\u0430\u043d\u0438\u0438: \u041d\u0430\u0437\u0432\u0430\u043d\u0438\u0435 \u043f\u0440\u0435\u0434\u043f\u0440\u0438\u044f\u0442\u0438\u044f: Viamer Grupp O\u00dc\u0420\u0435\u0433\u0438\u0441\u0442\u0440\u0430\u0446\u0438\u043e\u043d\u043d\u044b\u0439 \u043d\u043e\u043c\u0435\u0440: 10728197\u041d\u043e\u043c\u0435\u0440 KMKR: EE100677359\u041c\u0435\u0441\u0442\u043e\u043d\u0430\u0445\u043e\u0436\u0434\u0435\u043d\u0438\u0435: Saha-Loo tee 14, Iru k\u00fcla, J\u00f5el\u00e4htme vald, 74206 Harju maakond\u041e\u0431\u0449\u0438\u0439 \u0430\u0434\u0440\u0435\u0441 \u044d\u043b. \u043f\u043e\u0447\u0442\u044b: viamer@viamer.ee\u0421\u0447\u0435\u0442\u0430: arved@viamer.ee\u0422\u0435\u043b\u0435\u0444\u043e\u043d: (+372) 660 5590 \u0414\u043e\u0431\u0430\u0432\u044c\u0442\u0435 .pdf, .doc \u0444\u0430\u0439\u043b \u043f\u0440\u0438 \u043d\u0435\u043e\u0431\u0445\u043e\u0434\u0438\u043c\u043e\u0441\u0442\u0438 \u0420\u0430\u0441\u043f\u043e\u043b\u043e\u0436\u0435\u043d\u0438\u0435 \u043d\u0430 \u043a\u0430\u0440\u0442\u0435<\/p>\n","protected":false},"author":1,"featured_media":2535,"parent":0,"menu_order":0,"comment_status":"closed","ping_status":"closed","template":"full_width.php","meta":{"_acf_changed":false,"footnotes":""},"class_list":["post-2450","page","type-page","status-publish","has-post-thumbnail","hentry"],"acf":[],"yoast_head":"<!-- This site is optimized with the Yoast SEO plugin v24.6 - https:\/\/yoast.com\/wordpress\/plugins\/seo\/ -->\n<title>\u041a\u043e\u043d\u0442\u0430\u043a\u0442\u044b - Viamer<\/title>\n<meta name=\"robots\" content=\"index, follow, max-snippet:-1, max-image-preview:large, max-video-preview:-1\" \/>\n<link rel=\"canonical\" href=\"https:\/\/viamer.ee\/ru\/kontakty\/\" \/>\n<meta property=\"og:locale\" content=\"ru_RU\" \/>\n<meta property=\"og:type\" content=\"article\" \/>\n<meta property=\"og:title\" content=\"\u041a\u043e\u043d\u0442\u0430\u043a\u0442\u044b - Viamer\" \/>\n<meta property=\"og:description\" content=\"O\u0431\u0449\u0430\u044f \u0438\u043d\u0444\u043e\u0440\u043c\u0430\u0446\u0438\u044f \u043e \u043a\u043e\u043c\u043f\u0430\u043d\u0438\u0438: \u041d\u0430\u0437\u0432\u0430\u043d\u0438\u0435 \u043f\u0440\u0435\u0434\u043f\u0440\u0438\u044f\u0442\u0438\u044f: Viamer Grupp O\u00dc\u0420\u0435\u0433\u0438\u0441\u0442\u0440\u0430\u0446\u0438\u043e\u043d\u043d\u044b\u0439 \u043d\u043e\u043c\u0435\u0440: 10728197\u041d\u043e\u043c\u0435\u0440 KMKR: EE100677359\u041c\u0435\u0441\u0442\u043e\u043d\u0430\u0445\u043e\u0436\u0434\u0435\u043d\u0438\u0435: Saha-Loo tee 14, Iru k\u00fcla, J\u00f5el\u00e4htme vald, 74206 Harju maakond\u041e\u0431\u0449\u0438\u0439 \u0430\u0434\u0440\u0435\u0441 \u044d\u043b. \u043f\u043e\u0447\u0442\u044b: viamer@viamer.ee\u0421\u0447\u0435\u0442\u0430: arved@viamer.ee\u0422\u0435\u043b\u0435\u0444\u043e\u043d: (+372) 660 5590 \u0414\u043e\u0431\u0430\u0432\u044c\u0442\u0435 .pdf, .doc \u0444\u0430\u0439\u043b \u043f\u0440\u0438 \u043d\u0435\u043e\u0431\u0445\u043e\u0434\u0438\u043c\u043e\u0441\u0442\u0438 \u0420\u0430\u0441\u043f\u043e\u043b\u043e\u0436\u0435\u043d\u0438\u0435 \u043d\u0430 \u043a\u0430\u0440\u0442\u0435\" \/>\n<meta property=\"og:url\" content=\"https:\/\/viamer.ee\/ru\/kontakty\/\" \/>\n<meta property=\"og:site_name\" content=\"Viamer\" \/>\n<meta property=\"article:modified_time\" content=\"2024-01-23T14:01:53+00:00\" \/>\n<meta property=\"og:image\" content=\"https:\/\/viamer.ee\/wp-content\/uploads\/2023\/11\/Viamer-Pronksi-tanava-teedeehitus-arhitektuurifoto-20-scaled.jpg\" \/>\n\t<meta property=\"og:image:width\" content=\"2560\" \/>\n\t<meta property=\"og:image:height\" content=\"1917\" \/>\n\t<meta property=\"og:image:type\" content=\"image\/jpeg\" \/>\n<meta name=\"twitter:card\" content=\"summary_large_image\" \/>\n<meta name=\"twitter:label1\" content=\"\u041f\u0440\u0438\u043c\u0435\u0440\u043d\u043e\u0435 \u0432\u0440\u0435\u043c\u044f \u0434\u043b\u044f \u0447\u0442\u0435\u043d\u0438\u044f\" \/>\n\t<meta name=\"twitter:data1\" content=\"1 \u043c\u0438\u043d\u0443\u0442\u0430\" \/>\n<script type=\"application\/ld+json\" class=\"yoast-schema-graph\">{\"@context\":\"https:\/\/schema.org\",\"@graph\":[{\"@type\":\"WebPage\",\"@id\":\"https:\/\/viamer.ee\/ru\/kontakty\/\",\"url\":\"https:\/\/viamer.ee\/ru\/kontakty\/\",\"name\":\"\u041a\u043e\u043d\u0442\u0430\u043a\u0442\u044b - Viamer\",\"isPartOf\":{\"@id\":\"https:\/\/viamer.ee\/#website\"},\"primaryImageOfPage\":{\"@id\":\"https:\/\/viamer.ee\/ru\/kontakty\/#primaryimage\"},\"image\":{\"@id\":\"https:\/\/viamer.ee\/ru\/kontakty\/#primaryimage\"},\"thumbnailUrl\":\"https:\/\/viamer.ee\/wp-content\/uploads\/2023\/11\/Viamer-Pronksi-tanava-teedeehitus-arhitektuurifoto-20-scaled.jpg\",\"datePublished\":\"2020-02-27T10:51:44+00:00\",\"dateModified\":\"2024-01-23T14:01:53+00:00\",\"breadcrumb\":{\"@id\":\"https:\/\/viamer.ee\/ru\/kontakty\/#breadcrumb\"},\"inLanguage\":\"ru-RU\",\"potentialAction\":[{\"@type\":\"ReadAction\",\"target\":[\"https:\/\/viamer.ee\/ru\/kontakty\/\"]}]},{\"@type\":\"ImageObject\",\"inLanguage\":\"ru-RU\",\"@id\":\"https:\/\/viamer.ee\/ru\/kontakty\/#primaryimage\",\"url\":\"https:\/\/viamer.ee\/wp-content\/uploads\/2023\/11\/Viamer-Pronksi-tanava-teedeehitus-arhitektuurifoto-20-scaled.jpg\",\"contentUrl\":\"https:\/\/viamer.ee\/wp-content\/uploads\/2023\/11\/Viamer-Pronksi-tanava-teedeehitus-arhitektuurifoto-20-scaled.jpg\",\"width\":2560,\"height\":1917},{\"@type\":\"BreadcrumbList\",\"@id\":\"https:\/\/viamer.ee\/ru\/kontakty\/#breadcrumb\",\"itemListElement\":[{\"@type\":\"ListItem\",\"position\":1,\"name\":\"Home\",\"item\":\"https:\/\/viamer.ee\/ru\/\"},{\"@type\":\"ListItem\",\"position\":2,\"name\":\"\u041a\u043e\u043d\u0442\u0430\u043a\u0442\u044b\"}]},{\"@type\":\"WebSite\",\"@id\":\"https:\/\/viamer.ee\/#website\",\"url\":\"https:\/\/viamer.ee\/\",\"name\":\"Viamer\",\"description\":\"Maksimalistlik taristuehitus\",\"publisher\":{\"@id\":\"https:\/\/viamer.ee\/#organization\"},\"potentialAction\":[{\"@type\":\"SearchAction\",\"target\":{\"@type\":\"EntryPoint\",\"urlTemplate\":\"https:\/\/viamer.ee\/?s={search_term_string}\"},\"query-input\":{\"@type\":\"PropertyValueSpecification\",\"valueRequired\":true,\"valueName\":\"search_term_string\"}}],\"inLanguage\":\"ru-RU\"},{\"@type\":\"Organization\",\"@id\":\"https:\/\/viamer.ee\/#organization\",\"name\":\"Viamer\",\"url\":\"https:\/\/viamer.ee\/\",\"logo\":{\"@type\":\"ImageObject\",\"inLanguage\":\"ru-RU\",\"@id\":\"https:\/\/viamer.ee\/#\/schema\/logo\/image\/\",\"url\":\"https:\/\/viamer.ee\/wp-content\/uploads\/2023\/08\/viamer_logo-.svg\",\"contentUrl\":\"https:\/\/viamer.ee\/wp-content\/uploads\/2023\/08\/viamer_logo-.svg\",\"width\":325,\"height\":104,\"caption\":\"Viamer\"},\"image\":{\"@id\":\"https:\/\/viamer.ee\/#\/schema\/logo\/image\/\"}}]}<\/script>\n<!-- \/ Yoast SEO plugin. -->","yoast_head_json":{"title":"\u041a\u043e\u043d\u0442\u0430\u043a\u0442\u044b - Viamer","robots":{"index":"index","follow":"follow","max-snippet":"max-snippet:-1","max-image-preview":"max-image-preview:large","max-video-preview":"max-video-preview:-1"},"canonical":"https:\/\/viamer.ee\/ru\/kontakty\/","og_locale":"ru_RU","og_type":"article","og_title":"\u041a\u043e\u043d\u0442\u0430\u043a\u0442\u044b - Viamer","og_description":"O\u0431\u0449\u0430\u044f \u0438\u043d\u0444\u043e\u0440\u043c\u0430\u0446\u0438\u044f \u043e \u043a\u043e\u043c\u043f\u0430\u043d\u0438\u0438: \u041d\u0430\u0437\u0432\u0430\u043d\u0438\u0435 \u043f\u0440\u0435\u0434\u043f\u0440\u0438\u044f\u0442\u0438\u044f: Viamer Grupp O\u00dc\u0420\u0435\u0433\u0438\u0441\u0442\u0440\u0430\u0446\u0438\u043e\u043d\u043d\u044b\u0439 \u043d\u043e\u043c\u0435\u0440: 10728197\u041d\u043e\u043c\u0435\u0440 KMKR: EE100677359\u041c\u0435\u0441\u0442\u043e\u043d\u0430\u0445\u043e\u0436\u0434\u0435\u043d\u0438\u0435: Saha-Loo tee 14, Iru k\u00fcla, J\u00f5el\u00e4htme vald, 74206 Harju maakond\u041e\u0431\u0449\u0438\u0439 \u0430\u0434\u0440\u0435\u0441 \u044d\u043b. \u043f\u043e\u0447\u0442\u044b: viamer@viamer.ee\u0421\u0447\u0435\u0442\u0430: arved@viamer.ee\u0422\u0435\u043b\u0435\u0444\u043e\u043d: (+372) 660 5590 \u0414\u043e\u0431\u0430\u0432\u044c\u0442\u0435 .pdf, .doc \u0444\u0430\u0439\u043b \u043f\u0440\u0438 \u043d\u0435\u043e\u0431\u0445\u043e\u0434\u0438\u043c\u043e\u0441\u0442\u0438 \u0420\u0430\u0441\u043f\u043e\u043b\u043e\u0436\u0435\u043d\u0438\u0435 \u043d\u0430 \u043a\u0430\u0440\u0442\u0435","og_url":"https:\/\/viamer.ee\/ru\/kontakty\/","og_site_name":"Viamer","article_modified_time":"2024-01-23T14:01:53+00:00","og_image":[{"width":2560,"height":1917,"url":"https:\/\/viamer.ee\/wp-content\/uploads\/2023\/11\/Viamer-Pronksi-tanava-teedeehitus-arhitektuurifoto-20-scaled.jpg","type":"image\/jpeg"}],"twitter_card":"summary_large_image","twitter_misc":{"\u041f\u0440\u0438\u043c\u0435\u0440\u043d\u043e\u0435 \u0432\u0440\u0435\u043c\u044f \u0434\u043b\u044f \u0447\u0442\u0435\u043d\u0438\u044f":"1 \u043c\u0438\u043d\u0443\u0442\u0430"},"schema":{"@context":"https:\/\/schema.org","@graph":[{"@type":"WebPage","@id":"https:\/\/viamer.ee\/ru\/kontakty\/","url":"https:\/\/viamer.ee\/ru\/kontakty\/","name":"\u041a\u043e\u043d\u0442\u0430\u043a\u0442\u044b - Viamer","isPartOf":{"@id":"https:\/\/viamer.ee\/#website"},"primaryImageOfPage":{"@id":"https:\/\/viamer.ee\/ru\/kontakty\/#primaryimage"},"image":{"@id":"https:\/\/viamer.ee\/ru\/kontakty\/#primaryimage"},"thumbnailUrl":"https:\/\/viamer.ee\/wp-content\/uploads\/2023\/11\/Viamer-Pronksi-tanava-teedeehitus-arhitektuurifoto-20-scaled.jpg","datePublished":"2020-02-27T10:51:44+00:00","dateModified":"2024-01-23T14:01:53+00:00","breadcrumb":{"@id":"https:\/\/viamer.ee\/ru\/kontakty\/#breadcrumb"},"inLanguage":"ru-RU","potentialAction":[{"@type":"ReadAction","target":["https:\/\/viamer.ee\/ru\/kontakty\/"]}]},{"@type":"ImageObject","inLanguage":"ru-RU","@id":"https:\/\/viamer.ee\/ru\/kontakty\/#primaryimage","url":"https:\/\/viamer.ee\/wp-content\/uploads\/2023\/11\/Viamer-Pronksi-tanava-teedeehitus-arhitektuurifoto-20-scaled.jpg","contentUrl":"https:\/\/viamer.ee\/wp-content\/uploads\/2023\/11\/Viamer-Pronksi-tanava-teedeehitus-arhitektuurifoto-20-scaled.jpg","width":2560,"height":1917},{"@type":"BreadcrumbList","@id":"https:\/\/viamer.ee\/ru\/kontakty\/#breadcrumb","itemListElement":[{"@type":"ListItem","position":1,"name":"Home","item":"https:\/\/viamer.ee\/ru\/"},{"@type":"ListItem","position":2,"name":"\u041a\u043e\u043d\u0442\u0430\u043a\u0442\u044b"}]},{"@type":"WebSite","@id":"https:\/\/viamer.ee\/#website","url":"https:\/\/viamer.ee\/","name":"Viamer","description":"Maksimalistlik taristuehitus","publisher":{"@id":"https:\/\/viamer.ee\/#organization"},"potentialAction":[{"@type":"SearchAction","target":{"@type":"EntryPoint","urlTemplate":"https:\/\/viamer.ee\/?s={search_term_string}"},"query-input":{"@type":"PropertyValueSpecification","valueRequired":true,"valueName":"search_term_string"}}],"inLanguage":"ru-RU"},{"@type":"Organization","@id":"https:\/\/viamer.ee\/#organization","name":"Viamer","url":"https:\/\/viamer.ee\/","logo":{"@type":"ImageObject","inLanguage":"ru-RU","@id":"https:\/\/viamer.ee\/#\/schema\/logo\/image\/","url":"https:\/\/viamer.ee\/wp-content\/uploads\/2023\/08\/viamer_logo-.svg","contentUrl":"https:\/\/viamer.ee\/wp-content\/uploads\/2023\/08\/viamer_logo-.svg","width":325,"height":104,"caption":"Viamer"},"image":{"@id":"https:\/\/viamer.ee\/#\/schema\/logo\/image\/"}}]}},"_links":{"self":[{"href":"https:\/\/viamer.ee\/ru\/wp-json\/wp\/v2\/pages\/2450","targetHints":{"allow":["GET"]}}],"collection":[{"href":"https:\/\/viamer.ee\/ru\/wp-json\/wp\/v2\/pages"}],"about":[{"href":"https:\/\/viamer.ee\/ru\/wp-json\/wp\/v2\/types\/page"}],"author":[{"embeddable":true,"href":"https:\/\/viamer.ee\/ru\/wp-json\/wp\/v2\/users\/1"}],"replies":[{"embeddable":true,"href":"https:\/\/viamer.ee\/ru\/wp-json\/wp\/v2\/comments?post=2450"}],"version-history":[{"count":34,"href":"https:\/\/viamer.ee\/ru\/wp-json\/wp\/v2\/pages\/2450\/revisions"}],"predecessor-version":[{"id":4057,"href":"https:\/\/viamer.ee\/ru\/wp-json\/wp\/v2\/pages\/2450\/revisions\/4057"}],"wp:featuredmedia":[{"embeddable":true,"href":"https:\/\/viamer.ee\/ru\/wp-json\/wp\/v2\/media\/2535"}],"wp:attachment":[{"href":"https:\/\/viamer.ee\/ru\/wp-json\/wp\/v2\/media?parent=2450"}],"curies":[{"name":"wp","href":"https:\/\/api.w.org\/{rel}","templated":true}]}}